{"id":601,"date":"2016-10-03T14:47:41","date_gmt":"2016-10-03T12:47:41","guid":{"rendered":"http:\/\/www.ret-renateschmidt.de\/?page_id=601"},"modified":"2023-02-15T21:45:09","modified_gmt":"2023-02-15T20:45:09","slug":"tuschemalerei-3","status":"publish","type":"page","link":"https:\/\/www.ret-renateschmidt.de\/?page_id=601","title":{"rendered":"Fern\u00f6stliche Tuschmalerei"},"content":{"rendered":"<h2><span style=\"color: #808080;\"><span style=\"color: #333333;\">Far Eastern Ink Painting<\/span><\/span><strong><span style=\"color: #808080;\"><br \/>\n<\/span><\/strong><\/h2>\n<p><a class=\"thumbnail\" href=\"http:\/\/www.ret-renateschmidt.de\/wp-content\/uploads\/2016\/10\/BB024.-157-x-119inches-40x30cm60\u20ac.jpg\"><img loading=\"lazy\" decoding=\"async\" class=\"size-medium wp-image-921 aligncenter\" src=\"http:\/\/www.ret-renateschmidt.de\/wp-content\/uploads\/2016\/10\/BB024.-157-x-119inches-40x30cm60\u20ac-198x300.jpg\" alt=\"BB024. 15,7 x 11,9inches (40x30cm)60\u20ac\" width=\"198\" height=\"300\" srcset=\"https:\/\/www.ret-renateschmidt.de\/wp-content\/uploads\/2016\/10\/BB024.-157-x-119inches-40x30cm60\u20ac-198x300.jpg 198w, https:\/\/www.ret-renateschmidt.de\/wp-content\/uploads\/2016\/10\/BB024.-157-x-119inches-40x30cm60\u20ac-678x1024.jpg 678w, https:\/\/www.ret-renateschmidt.de\/wp-content\/uploads\/2016\/10\/BB024.-157-x-119inches-40x30cm60\u20ac.jpg 1664w\" sizes=\"auto, (max-width: 198px) 100vw, 198px\" \/><\/a><\/p>\n<p><strong>Die fern\u00f6stliche Tuschmalerei ist eine viele Jahrhunderte alte Kunst, in der die Natur und der menschliche Geist eine Einheit bilden.<\/strong><\/p>\n<p><strong>Die Sch\u00f6nheit der Form resultiert aus einer geistigen Haltung, die durch Achtsamkeit und Ehrfurcht vor der Natur das wahre Wesen der Natur erfasst und ihm Ausdruck verleiht. Die Kunst ist ein Mittel f\u00fcr den Menschen sich der Ganzheit des Seins bewusst zu werden.<\/strong><\/p>\n<p><strong>Die Tuschmalerei zeichnet sich durch ihre Spontanit\u00e4t und den lebendigen Ausdruck im gegenw\u00e4rtigen Moment aus. Die Tuschetechnik erlaubt kein Z\u00f6gern und kann im Nachhinein kaum korrigiert werden.<\/strong><\/p>\n<p><strong>Die Tusche besteht aus geriebener Kohle und Leim. Die Bilder sind auf\u00a0 original japanischem Sumi e &#8211; oder chinesischem handgesch\u00f6pften Papier gemalt.<\/strong><\/p>\n<div>Die Bilder haben eine Gr\u00f6\u00dfe zwischen 18 x 13 bis zur maximalen Gr\u00f6\u00dfe von 50 x 40 cm.<\/div>\n<p>Auch erstelle ich Postkarten, alle handgemalt, alle ein Original.<\/p>\n<p><strong>Far Eastern Ink Painting<\/strong><\/p>\n<p>Far Eastern ink painting is an art form, many hundreds of years old, in which nature and man\u2019s spirit are unified.<\/p>\n<p>The beauty of the form results from a spiritual attitude of mindfulness and reverence before the natural world which grasps the true character of nature and articulates it. The art is a means for man to become conscious of the wholeness of being.<\/p>\n<p>Ink painting distinguishes itself through its spontaneity und living expression in the present moment. The technique does not permit any hesitation, nor any correction of the artwork afterwards.<\/p>\n<p>The ink is made from rubbed charcoal and glue. The paintings are made on high-quality paper.<\/p>\n<p>The paintings has a size between 18 x 13 cm and the largest 50 x 40 cm<\/p>\n<figure id=\"attachment_920\" class=\"wp-caption thumbnail aligncenter\" style=\"width: 234px;\">\r\n\t\t\t\t<a class=\"\" href=\"http:\/\/www.ret-renateschmidt.de\/wp-content\/uploads\/2016\/10\/BBP001a.119-x-94-inches-30x24cm.jpg\"><img loading=\"lazy\" decoding=\"async\" class=\"wp-image-920 size-medium\" src=\"http:\/\/www.ret-renateschmidt.de\/wp-content\/uploads\/2016\/10\/BBP001a.119-x-94-inches-30x24cm-234x300.jpg\" alt=\"BBP001a.11,9 x 9,4 inches (30x24cm)\" width=\"234\" height=\"300\" srcset=\"https:\/\/www.ret-renateschmidt.de\/wp-content\/uploads\/2016\/10\/BBP001a.119-x-94-inches-30x24cm-234x300.jpg 234w, https:\/\/www.ret-renateschmidt.de\/wp-content\/uploads\/2016\/10\/BBP001a.119-x-94-inches-30x24cm-799x1024.jpg 799w\" sizes=\"auto, (max-width: 234px) 100vw, 234px\" \/><\/a>\r\n\t\t\t\t<figcaption class=\"wp-caption-text\">2.April 2017,Bl\u00fcten und Bl\u00e4tter001, 11,9 x 9,4 inches (30x24cm)<\/figcaption>\r\n\t\t\t<\/figure>\n<figure id=\"attachment_921\" class=\"wp-caption thumbnail aligncenter\" style=\"width: 198px;\">\r\n\t\t\t\t<a class=\"\" href=\"http:\/\/www.ret-renateschmidt.de\/wp-content\/uploads\/2016\/10\/BB024.-157-x-119inches-40x30cm60\u20ac.jpg\"><img loading=\"lazy\" decoding=\"async\" class=\"wp-image-921 size-medium\" src=\"http:\/\/www.ret-renateschmidt.de\/wp-content\/uploads\/2016\/10\/BB024.-157-x-119inches-40x30cm60\u20ac-198x300.jpg\" alt=\"BB024. 15,7 x 11,9inches (40x30cm)60\u20ac\" width=\"198\" height=\"300\" srcset=\"https:\/\/www.ret-renateschmidt.de\/wp-content\/uploads\/2016\/10\/BB024.-157-x-119inches-40x30cm60\u20ac-198x300.jpg 198w, https:\/\/www.ret-renateschmidt.de\/wp-content\/uploads\/2016\/10\/BB024.-157-x-119inches-40x30cm60\u20ac-678x1024.jpg 678w, https:\/\/www.ret-renateschmidt.de\/wp-content\/uploads\/2016\/10\/BB024.-157-x-119inches-40x30cm60\u20ac.jpg 1664w\" sizes=\"auto, (max-width: 198px) 100vw, 198px\" \/><\/a>\r\n\t\t\t\t<figcaption class=\"wp-caption-text\">3.April2017,Bl\u00fcten und Bl\u00e4tter24,15,7 x 11,9inches (40x30cm)<\/figcaption>\r\n\t\t\t<\/figure>\n<figure id=\"attachment_930\" class=\"wp-caption thumbnail aligncenter\" style=\"width: 300px;\">\r\n\t\t\t\t<a class=\"\" href=\"http:\/\/www.ret-renateschmidt.de\/wp-content\/uploads\/2016\/10\/CP-O.T.35x35cm-Kopie.jpg\"><img loading=\"lazy\" decoding=\"async\" class=\"wp-image-930 size-medium\" src=\"http:\/\/www.ret-renateschmidt.de\/wp-content\/uploads\/2016\/10\/CP-O.T.35x35cm-Kopie-300x292.jpg\" alt=\"CP O.T.(35x35cm) - \" width=\"300\" height=\"292\" srcset=\"https:\/\/www.ret-renateschmidt.de\/wp-content\/uploads\/2016\/10\/CP-O.T.35x35cm-Kopie-300x292.jpg 300w, https:\/\/www.ret-renateschmidt.de\/wp-content\/uploads\/2016\/10\/CP-O.T.35x35cm-Kopie-1024x996.jpg 1024w, https:\/\/www.ret-renateschmidt.de\/wp-content\/uploads\/2016\/10\/CP-O.T.35x35cm-Kopie.jpg 1884w\" sizes=\"auto, (max-width: 300px) 100vw, 300px\" \/><\/a>\r\n\t\t\t\t<figcaption class=\"wp-caption-text\">CP 1,O.T. 35x35cm<\/figcaption>\r\n\t\t\t<\/figure>\n<figure id=\"attachment_922\" class=\"wp-caption thumbnail aligncenter\" style=\"width: 210px;\">\r\n\t\t\t\t<img loading=\"lazy\" decoding=\"async\" class=\"wp-image-922 size-medium\" src=\"http:\/\/www.ret-renateschmidt.de\/wp-content\/uploads\/2016\/10\/BB025.-157-x-119inches-40x30cm60\u20ac-210x300.jpg\" alt=\"BB025. 15,7 x 11,9inches (40x30cm)60\u20ac\" width=\"210\" height=\"300\" srcset=\"https:\/\/www.ret-renateschmidt.de\/wp-content\/uploads\/2016\/10\/BB025.-157-x-119inches-40x30cm60\u20ac-210x300.jpg 210w, https:\/\/www.ret-renateschmidt.de\/wp-content\/uploads\/2016\/10\/BB025.-157-x-119inches-40x30cm60\u20ac-720x1024.jpg 720w, https:\/\/www.ret-renateschmidt.de\/wp-content\/uploads\/2016\/10\/BB025.-157-x-119inches-40x30cm60\u20ac.jpg 1685w\" sizes=\"auto, (max-width: 210px) 100vw, 210px\" \/>\r\n\t\t\t\t<figcaption class=\"wp-caption-text\">4.April2017,25 Bl\u00fcten und Bl\u00e4tter,15,7 x 11,9inches<\/figcaption>\r\n\t\t\t<\/figure>\n<figure id=\"attachment_730\" class=\"wp-caption thumbnail aligncenter\" style=\"width: 213px;\">\r\n\t\t\t\t<a class=\"\" href=\"http:\/\/www.ret-renateschmidt.de\/wp-content\/uploads\/2016\/10\/2017-15.jpg\"><img loading=\"lazy\" decoding=\"async\" class=\"wp-image-730 size-medium\" src=\"http:\/\/www.ret-renateschmidt.de\/wp-content\/uploads\/2016\/10\/2017-15-213x300.jpg\" alt=\"2017 -15\" width=\"213\" height=\"300\" srcset=\"https:\/\/www.ret-renateschmidt.de\/wp-content\/uploads\/2016\/10\/2017-15-213x300.jpg 213w, https:\/\/www.ret-renateschmidt.de\/wp-content\/uploads\/2016\/10\/2017-15-729x1024.jpg 729w, https:\/\/www.ret-renateschmidt.de\/wp-content\/uploads\/2016\/10\/2017-15.jpg 1452w\" sizes=\"auto, (max-width: 213px) 100vw, 213px\" \/><\/a>\r\n\t\t\t\t<figcaption class=\"wp-caption-text\">1. April 2017, Bl\u00e4tter u Bl\u00fcten<\/figcaption>\r\n\t\t\t<\/figure>\n<figure id=\"attachment_923\" class=\"wp-caption thumbnail aligncenter\" style=\"width: 219px;\">\r\n\t\t\t\t<img loading=\"lazy\" decoding=\"async\" class=\"wp-image-923 size-medium\" src=\"http:\/\/www.ret-renateschmidt.de\/wp-content\/uploads\/2016\/10\/BBP015157-x-119inches-40x30cmPP60\u20ac-219x300.jpg\" alt=\"BBP01515,7 x 11,9inches (40x30cm)PP,60\u20ac\" width=\"219\" height=\"300\" srcset=\"https:\/\/www.ret-renateschmidt.de\/wp-content\/uploads\/2016\/10\/BBP015157-x-119inches-40x30cmPP60\u20ac-219x300.jpg 219w, https:\/\/www.ret-renateschmidt.de\/wp-content\/uploads\/2016\/10\/BBP015157-x-119inches-40x30cmPP60\u20ac-748x1024.jpg 748w\" sizes=\"auto, (max-width: 219px) 100vw, 219px\" \/>\r\n\t\t\t\t<figcaption class=\"wp-caption-text\">015, Bl\u00fcten und \u00c4ste,15,7 x 11,9inches (40x30cm)<\/figcaption>\r\n\t\t\t<\/figure>\n<figure id=\"attachment_725\" class=\"wp-caption thumbnail aligncenter\" style=\"width: 198px;\">\r\n\t\t\t\t<a class=\"\" href=\"http:\/\/www.ret-renateschmidt.de\/wp-content\/uploads\/2016\/10\/2017-10.jpg\"><img loading=\"lazy\" decoding=\"async\" class=\"wp-image-725 size-medium\" src=\"http:\/\/www.ret-renateschmidt.de\/wp-content\/uploads\/2016\/10\/2017-10-198x300.jpg\" alt=\"2017 -10\" width=\"198\" height=\"300\" srcset=\"https:\/\/www.ret-renateschmidt.de\/wp-content\/uploads\/2016\/10\/2017-10-198x300.jpg 198w, https:\/\/www.ret-renateschmidt.de\/wp-content\/uploads\/2016\/10\/2017-10-676x1024.jpg 676w, https:\/\/www.ret-renateschmidt.de\/wp-content\/uploads\/2016\/10\/2017-10.jpg 1263w\" sizes=\"auto, (max-width: 198px) 100vw, 198px\" \/><\/a>\r\n\t\t\t\t<figcaption class=\"wp-caption-text\">2. April 2017, Bl\u00e4tter u Bl\u00fcten<\/figcaption>\r\n\t\t\t<\/figure>\n<figure id=\"attachment_728\" class=\"wp-caption thumbnail aligncenter\" style=\"width: 194px;\">\r\n\t\t\t\t<a class=\"\" href=\"http:\/\/www.ret-renateschmidt.de\/wp-content\/uploads\/2016\/10\/2017-13.jpg\"><img loading=\"lazy\" decoding=\"async\" class=\"wp-image-728 size-medium\" src=\"http:\/\/www.ret-renateschmidt.de\/wp-content\/uploads\/2016\/10\/2017-13-194x300.jpg\" alt=\"2017 -13\" width=\"194\" height=\"300\" srcset=\"https:\/\/www.ret-renateschmidt.de\/wp-content\/uploads\/2016\/10\/2017-13-194x300.jpg 194w, https:\/\/www.ret-renateschmidt.de\/wp-content\/uploads\/2016\/10\/2017-13-663x1024.jpg 663w, https:\/\/www.ret-renateschmidt.de\/wp-content\/uploads\/2016\/10\/2017-13.jpg 1279w\" sizes=\"auto, (max-width: 194px) 100vw, 194px\" \/><\/a>\r\n\t\t\t\t<figcaption class=\"wp-caption-text\">3. April 2017, Bl\u00e4tter u Bl\u00fcten<\/figcaption>\r\n\t\t\t<\/figure>\n<figure id=\"attachment_726\" class=\"wp-caption thumbnail aligncenter\" style=\"width: 209px;\">\r\n\t\t\t\t<a class=\"\" href=\"http:\/\/www.ret-renateschmidt.de\/wp-content\/uploads\/2016\/10\/2017-11.jpg\"><img loading=\"lazy\" decoding=\"async\" class=\"wp-image-726 size-medium\" src=\"http:\/\/www.ret-renateschmidt.de\/wp-content\/uploads\/2016\/10\/2017-11-209x300.jpg\" alt=\"2017 -11\" width=\"209\" height=\"300\" srcset=\"https:\/\/www.ret-renateschmidt.de\/wp-content\/uploads\/2016\/10\/2017-11-209x300.jpg 209w, https:\/\/www.ret-renateschmidt.de\/wp-content\/uploads\/2016\/10\/2017-11-714x1024.jpg 714w, https:\/\/www.ret-renateschmidt.de\/wp-content\/uploads\/2016\/10\/2017-11.jpg 1390w\" sizes=\"auto, (max-width: 209px) 100vw, 209px\" \/><\/a>\r\n\t\t\t\t<figcaption class=\"wp-caption-text\">4. April 2017, Bl\u00e4tter u Bl\u00fcten<\/figcaption>\r\n\t\t\t<\/figure>\n<figure id=\"attachment_727\" class=\"wp-caption thumbnail aligncenter\" style=\"width: 213px;\">\r\n\t\t\t\t<a class=\"\" href=\"http:\/\/www.ret-renateschmidt.de\/wp-content\/uploads\/2016\/10\/2017-12.jpg\"><img loading=\"lazy\" decoding=\"async\" class=\"size-medium wp-image-727\" src=\"http:\/\/www.ret-renateschmidt.de\/wp-content\/uploads\/2016\/10\/2017-12-213x300.jpg\" alt=\"4. April 2017\" width=\"213\" height=\"300\" srcset=\"https:\/\/www.ret-renateschmidt.de\/wp-content\/uploads\/2016\/10\/2017-12-213x300.jpg 213w, https:\/\/www.ret-renateschmidt.de\/wp-content\/uploads\/2016\/10\/2017-12-730x1024.jpg 730w, https:\/\/www.ret-renateschmidt.de\/wp-content\/uploads\/2016\/10\/2017-12.jpg 1421w\" sizes=\"auto, (max-width: 213px) 100vw, 213px\" \/><\/a>\r\n\t\t\t\t<figcaption class=\"wp-caption-text\">5. April 2017, Bl\u00e4tter u Bl\u00fcten<\/figcaption>\r\n\t\t\t<\/figure>\n<figure id=\"attachment_729\" class=\"wp-caption thumbnail aligncenter\" style=\"width: 224px;\">\r\n\t\t\t\t<a class=\"\" href=\"http:\/\/www.ret-renateschmidt.de\/wp-content\/uploads\/2016\/10\/2017-14.jpg\"><img loading=\"lazy\" decoding=\"async\" class=\"wp-image-729 size-medium\" src=\"http:\/\/www.ret-renateschmidt.de\/wp-content\/uploads\/2016\/10\/2017-14-224x300.jpg\" alt=\"2017 -14\" width=\"224\" height=\"300\" srcset=\"https:\/\/www.ret-renateschmidt.de\/wp-content\/uploads\/2016\/10\/2017-14-224x300.jpg 224w, https:\/\/www.ret-renateschmidt.de\/wp-content\/uploads\/2016\/10\/2017-14-766x1024.jpg 766w, https:\/\/www.ret-renateschmidt.de\/wp-content\/uploads\/2016\/10\/2017-14.jpg 1509w\" sizes=\"auto, (max-width: 224px) 100vw, 224px\" \/><\/a>\r\n\t\t\t\t<figcaption class=\"wp-caption-text\">6. April 2017, Bl\u00e4tter u Bl\u00fcten<\/figcaption>\r\n\t\t\t<\/figure>\n<figure id=\"attachment_709\" class=\"wp-caption thumbnail aligncenter\" style=\"width: 300px;\">\r\n\t\t\t\t<a class=\"\" href=\"http:\/\/www.ret-renateschmidt.de\/wp-content\/uploads\/2016\/10\/47.jpg\"><img loading=\"lazy\" decoding=\"async\" class=\"wp-image-709 size-medium\" src=\"http:\/\/www.ret-renateschmidt.de\/wp-content\/uploads\/2016\/10\/47-300x222.jpg\" alt=\"47\" width=\"300\" height=\"222\" srcset=\"https:\/\/www.ret-renateschmidt.de\/wp-content\/uploads\/2016\/10\/47-300x222.jpg 300w, https:\/\/www.ret-renateschmidt.de\/wp-content\/uploads\/2016\/10\/47-1024x758.jpg 1024w, https:\/\/www.ret-renateschmidt.de\/wp-content\/uploads\/2016\/10\/47.jpg 1829w\" sizes=\"auto, (max-width: 300px) 100vw, 300px\" \/><\/a>\r\n\t\t\t\t<figcaption class=\"wp-caption-text\">47, 21. November, Gras<\/figcaption>\r\n\t\t\t<\/figure>\n<figure id=\"attachment_707\" class=\"wp-caption thumbnail aligncenter\" style=\"width: 300px;\">\r\n\t\t\t\t<a class=\"\" href=\"http:\/\/www.ret-renateschmidt.de\/wp-content\/uploads\/2016\/10\/45.jpg\"><img loading=\"lazy\" decoding=\"async\" class=\"wp-image-707 size-medium\" src=\"http:\/\/www.ret-renateschmidt.de\/wp-content\/uploads\/2016\/10\/45-300x226.jpg\" alt=\"45\" width=\"300\" height=\"226\" srcset=\"https:\/\/www.ret-renateschmidt.de\/wp-content\/uploads\/2016\/10\/45-300x226.jpg 300w, https:\/\/www.ret-renateschmidt.de\/wp-content\/uploads\/2016\/10\/45-1024x774.jpg 1024w, https:\/\/www.ret-renateschmidt.de\/wp-content\/uploads\/2016\/10\/45.jpg 1853w\" sizes=\"auto, (max-width: 300px) 100vw, 300px\" \/><\/a>\r\n\t\t\t\t<figcaption class=\"wp-caption-text\">45, 21. November, Gras<\/figcaption>\r\n\t\t\t<\/figure>\n<p><a class=\"thumbnail\" href=\"http:\/\/www.ret-renateschmidt.de\/wp-content\/uploads\/2016\/10\/44.jpg\"><img loading=\"lazy\" decoding=\"async\" class=\"wp-image-706 size-medium\" src=\"http:\/\/www.ret-renateschmidt.de\/wp-content\/uploads\/2016\/10\/44-300x220.jpg\" alt=\"44\" width=\"300\" height=\"220\" srcset=\"https:\/\/www.ret-renateschmidt.de\/wp-content\/uploads\/2016\/10\/44-300x220.jpg 300w, https:\/\/www.ret-renateschmidt.de\/wp-content\/uploads\/2016\/10\/44-1024x751.jpg 1024w, https:\/\/www.ret-renateschmidt.de\/wp-content\/uploads\/2016\/10\/44.jpg 1901w\" sizes=\"auto, (max-width: 300px) 100vw, 300px\" \/><\/a><\/p>\n<p>42, 22. November, Gras<\/p>\n<figure id=\"attachment_703\" class=\"wp-caption thumbnail aligncenter\" style=\"width: 300px;\">\r\n\t\t\t\t<a class=\"\" href=\"http:\/\/www.ret-renateschmidt.de\/wp-content\/uploads\/2016\/10\/41.jpg\"><img loading=\"lazy\" decoding=\"async\" class=\"wp-image-703 size-medium\" src=\"http:\/\/www.ret-renateschmidt.de\/wp-content\/uploads\/2016\/10\/41-300x218.jpg\" alt=\"41\" width=\"300\" height=\"218\" srcset=\"https:\/\/www.ret-renateschmidt.de\/wp-content\/uploads\/2016\/10\/41-300x218.jpg 300w, https:\/\/www.ret-renateschmidt.de\/wp-content\/uploads\/2016\/10\/41-1024x746.jpg 1024w, https:\/\/www.ret-renateschmidt.de\/wp-content\/uploads\/2016\/10\/41.jpg 1772w\" sizes=\"auto, (max-width: 300px) 100vw, 300px\" \/><\/a>\r\n\t\t\t\t<figcaption class=\"wp-caption-text\">41, 22. November, Gras<\/figcaption>\r\n\t\t\t<\/figure>\n<figure id=\"attachment_702\" class=\"wp-caption thumbnail aligncenter\" style=\"width: 300px;\">\r\n\t\t\t\t<a class=\"\" href=\"http:\/\/www.ret-renateschmidt.de\/wp-content\/uploads\/2016\/10\/40.jpg\"><img loading=\"lazy\" decoding=\"async\" class=\"wp-image-702 size-medium\" src=\"http:\/\/www.ret-renateschmidt.de\/wp-content\/uploads\/2016\/10\/40-300x219.jpg\" alt=\"40\" width=\"300\" height=\"219\" srcset=\"https:\/\/www.ret-renateschmidt.de\/wp-content\/uploads\/2016\/10\/40-300x219.jpg 300w, https:\/\/www.ret-renateschmidt.de\/wp-content\/uploads\/2016\/10\/40-1024x748.jpg 1024w, https:\/\/www.ret-renateschmidt.de\/wp-content\/uploads\/2016\/10\/40.jpg 1796w\" sizes=\"auto, (max-width: 300px) 100vw, 300px\" \/><\/a>\r\n\t\t\t\t<figcaption class=\"wp-caption-text\">40, 21. November, Gras<\/figcaption>\r\n\t\t\t<\/figure>\n<figure id=\"attachment_616\" class=\"wp-caption thumbnail aligncenter\" style=\"width: 216px;\">\r\n\t\t\t\t<a class=\"\" href=\"http:\/\/www.ret-renateschmidt.de\/wp-content\/uploads\/2016\/10\/14.jpg\"><img loading=\"lazy\" decoding=\"async\" class=\"wp-image-616 size-medium\" src=\"http:\/\/www.ret-renateschmidt.de\/wp-content\/uploads\/2016\/10\/14-216x300.jpg\" alt=\"14\" width=\"216\" height=\"300\" srcset=\"https:\/\/www.ret-renateschmidt.de\/wp-content\/uploads\/2016\/10\/14-216x300.jpg 216w, https:\/\/www.ret-renateschmidt.de\/wp-content\/uploads\/2016\/10\/14-737x1024.jpg 737w, https:\/\/www.ret-renateschmidt.de\/wp-content\/uploads\/2016\/10\/14.jpg 1475w\" sizes=\"auto, (max-width: 216px) 100vw, 216px\" \/><\/a>\r\n\t\t\t\t<figcaption class=\"wp-caption-text\">14-100<\/figcaption>\r\n\t\t\t<\/figure>\n<figure id=\"attachment_613\" class=\"wp-caption thumbnail aligncenter\" style=\"width: 222px;\">\r\n\t\t\t\t<a class=\"\" href=\"http:\/\/www.ret-renateschmidt.de\/wp-content\/uploads\/2016\/10\/11.jpg\"><img loading=\"lazy\" decoding=\"async\" class=\"wp-image-613 size-medium\" src=\"http:\/\/www.ret-renateschmidt.de\/wp-content\/uploads\/2016\/10\/11-222x300.jpg\" alt=\"11\" width=\"222\" height=\"300\" srcset=\"https:\/\/www.ret-renateschmidt.de\/wp-content\/uploads\/2016\/10\/11-222x300.jpg 222w, https:\/\/www.ret-renateschmidt.de\/wp-content\/uploads\/2016\/10\/11-758x1024.jpg 758w, https:\/\/www.ret-renateschmidt.de\/wp-content\/uploads\/2016\/10\/11.jpg 1497w\" sizes=\"auto, (max-width: 222px) 100vw, 222px\" \/><\/a>\r\n\t\t\t\t<figcaption class=\"wp-caption-text\">11-100<\/figcaption>\r\n\t\t\t<\/figure>\n<p><!--StartFragment--><!--EndFragment--><\/p>\n<p><a class=\"thumbnail\" href=\"http:\/\/www.ret-renateschmidt.de\/wp-content\/uploads\/2016\/10\/12.jpg\"><img loading=\"lazy\" decoding=\"async\" class=\"wp-image-614 size-medium\" src=\"http:\/\/www.ret-renateschmidt.de\/wp-content\/uploads\/2016\/10\/12-212x300.jpg\" alt=\"12\" width=\"212\" height=\"300\" srcset=\"https:\/\/www.ret-renateschmidt.de\/wp-content\/uploads\/2016\/10\/12-212x300.jpg 212w, https:\/\/www.ret-renateschmidt.de\/wp-content\/uploads\/2016\/10\/12-726x1024.jpg 726w, https:\/\/www.ret-renateschmidt.de\/wp-content\/uploads\/2016\/10\/12.jpg 1440w\" sizes=\"auto, (max-width: 212px) 100vw, 212px\" \/><\/a><\/p>\n<p>0.T.17<\/p>\n<figure id=\"attachment_582\" class=\"wp-caption thumbnail aligncenter\" style=\"width: 194px;\">\r\n\t\t\t\t<a class=\"\" href=\"http:\/\/www.ret-renateschmidt.de\/wp-content\/uploads\/2016\/10\/P1040713.jpg\"><img loading=\"lazy\" decoding=\"async\" class=\"wp-image-582 size-medium\" src=\"http:\/\/www.ret-renateschmidt.de\/wp-content\/uploads\/2016\/10\/P1040707-194x300.jpg\" alt=\"o.T. 16\" width=\"194\" height=\"300\" srcset=\"https:\/\/www.ret-renateschmidt.de\/wp-content\/uploads\/2016\/10\/P1040707-194x300.jpg 194w, https:\/\/www.ret-renateschmidt.de\/wp-content\/uploads\/2016\/10\/P1040707-665x1024.jpg 665w\" sizes=\"auto, (max-width: 194px) 100vw, 194px\" \/><\/a>\r\n\t\t\t\t<figcaption class=\"wp-caption-text\">o.T.16<\/figcaption>\r\n\t\t\t<\/figure>\n<p><a class=\"thumbnail\" href=\"http:\/\/www.ret-renateschmidt.de\/wp-content\/uploads\/2016\/10\/17.jpg\"><img loading=\"lazy\" decoding=\"async\" class=\"wp-image-619 size-medium\" src=\"http:\/\/www.ret-renateschmidt.de\/wp-content\/uploads\/2016\/10\/17-225x300.jpg\" alt=\"17\" width=\"225\" height=\"300\" srcset=\"https:\/\/www.ret-renateschmidt.de\/wp-content\/uploads\/2016\/10\/17-225x300.jpg 225w, https:\/\/www.ret-renateschmidt.de\/wp-content\/uploads\/2016\/10\/17-768x1024.jpg 768w, https:\/\/www.ret-renateschmidt.de\/wp-content\/uploads\/2016\/10\/17.jpg 1920w\" sizes=\"auto, (max-width: 225px) 100vw, 225px\" \/><\/a><\/p>\n<p>18-100<\/p>\n<p><!--StartFragment--><\/p>\n<p>19-100<a class=\"thumbnail\" href=\"http:\/\/www.ret-renateschmidt.de\/wp-content\/uploads\/2016\/10\/23.jpg\"><img loading=\"lazy\" decoding=\"async\" class=\"wp-image-626 size-medium\" src=\"http:\/\/www.ret-renateschmidt.de\/wp-content\/uploads\/2016\/10\/23-288x300.jpg\" alt=\"23\" width=\"288\" height=\"300\" srcset=\"https:\/\/www.ret-renateschmidt.de\/wp-content\/uploads\/2016\/10\/23-288x300.jpg 288w, https:\/\/www.ret-renateschmidt.de\/wp-content\/uploads\/2016\/10\/23-983x1024.jpg 983w, https:\/\/www.ret-renateschmidt.de\/wp-content\/uploads\/2016\/10\/23.jpg 1891w\" sizes=\"auto, (max-width: 288px) 100vw, 288px\" \/><\/a><\/p>\n<p><!--StartFragment--><!--EndFragment--><\/p>\n<p><!--StartFragment--><!--EndFragment--><!--StartFragment--><!--EndFragment--><!--EndFragment--><!--EndFragment--><strong>Far Eastern Ink Painting<\/strong><\/p>\n<p>Far Eastern ink painting is an art form, many hundreds of years old, in which nature and man\u2019s spirit are unified.<\/p>\n<ul>\n<li><!--StartFragment--><\/li>\n<\/ul>\n<p>The beauty of the form results from a spiritual attitude of mindfulness and reverence before the natural world which grasps the true character of nature and articulates it. The art is a means for man to become conscious of the wholeness of being.<\/p>\n<p>Ink painting distinguishes itself through its spontaneity und living expression in the present moment. The technique does not permit any hesitation, nor any correction of the artwork afterwards.<\/p>\n<p>The ink is made from rubbed charcoal and glue. The paintings are made on high-quality paper.<\/p>\n<p>The paintings have different sizes.<\/p>\n<p>Die Arbeiten sind in unterschiedlichen Ausf\u00fchrungen pr\u00e4sentiert.<\/p>\n<p><strong>Die Arbeiten k\u00f6nnen k\u00e4uflich erworben werden die Preise richten sich nach Gr\u00f6\u00dfe und Motiv<br \/>\n<\/strong><\/p>\n<p><strong>Jedes Bild ist ein original<\/strong><\/p>\n<p>Die Motive sind auf handgesch\u00f6pftem Papier oder auf japanischem Sumi-e Papier oder auf anderem qualitativ hochwertigem Papier gemalt.<\/p>\n<p>Kalligraphien und Tuschmalerei sind in der Regel in einem Passepartout und k\u00f6nnen mit oder Rahmen erworben werden. Die Lebendigkeit des handgesch\u00f6pftem Papiers bleibt am Rande sichtbar. Die Arbeit kann auch direkt auf Karton ohne Passepartout im Rahmen pr\u00e4sentiert sein.<\/p>\n<p>Die Pr\u00e4sentation ber\u00fccksichtigt den notwendig offen Raum, den die Arbeiten ben\u00f6tigen.<\/p>\n","protected":false},"excerpt":{"rendered":"<p>Far Eastern Ink Painting Die fern\u00f6stliche Tuschmalerei ist eine viele Jahrhunderte alte Kunst, in der die Natur und der menschliche Geist eine Einheit bilden. Die Sch\u00f6nheit der Form resultiert aus einer geistigen Haltung, die durch Achtsamkeit und Ehrfurcht vor der Natur das wahre Wesen der Natur erfasst und ihm Ausdruck verleiht. Die Kunst ist ein&hellip; <a href=\"https:\/\/www.ret-renateschmidt.de\/?page_id=601\">Weiterlesen <span class=\"meta-nav\">&rarr;<\/span><\/a><\/p>\n","protected":false},"author":2,"featured_media":0,"parent":0,"menu_order":0,"comment_status":"closed","ping_status":"closed","template":"","meta":{"footnotes":""},"class_list":["post-601","page","type-page","status-publish","hentry"],"_links":{"self":[{"href":"https:\/\/www.ret-renateschmidt.de\/index.php?rest_route=\/wp\/v2\/pages\/601","targetHints":{"allow":["GET"]}}],"collection":[{"href":"https:\/\/www.ret-renateschmidt.de\/index.php?rest_route=\/wp\/v2\/pages"}],"about":[{"href":"https:\/\/www.ret-renateschmidt.de\/index.php?rest_route=\/wp\/v2\/types\/page"}],"author":[{"embeddable":true,"href":"https:\/\/www.ret-renateschmidt.de\/index.php?rest_route=\/wp\/v2\/users\/2"}],"replies":[{"embeddable":true,"href":"https:\/\/www.ret-renateschmidt.de\/index.php?rest_route=%2Fwp%2Fv2%2Fcomments&post=601"}],"version-history":[{"count":53,"href":"https:\/\/www.ret-renateschmidt.de\/index.php?rest_route=\/wp\/v2\/pages\/601\/revisions"}],"predecessor-version":[{"id":1067,"href":"https:\/\/www.ret-renateschmidt.de\/index.php?rest_route=\/wp\/v2\/pages\/601\/revisions\/1067"}],"wp:attachment":[{"href":"https:\/\/www.ret-renateschmidt.de\/index.php?rest_route=%2Fwp%2Fv2%2Fmedia&parent=601"}],"curies":[{"name":"wp","href":"https:\/\/api.w.org\/{rel}","templated":true}]}}