{"id":952,"date":"2018-11-07T13:37:06","date_gmt":"2018-11-07T12:37:06","guid":{"rendered":"http:\/\/www.ret-renateschmidt.de\/?page_id=952"},"modified":"2023-02-15T21:49:11","modified_gmt":"2023-02-15T20:49:11","slug":"bilderverkauf","status":"publish","type":"page","link":"https:\/\/www.ret-renateschmidt.de\/?page_id=952","title":{"rendered":"Bilderverkauf"},"content":{"rendered":"<p>Bilder und Kalligraphien k\u00f6nnen Sie erwerben.<\/p>\n<p>Schauen gerne auch in meinen Online-shop:<\/p>\n<p>www.etsy.com\/shop\/brushheartDE\/<\/p>\n<p>Jedes Bild ist ein Original und Unikat.<\/p>\n<p>Die Motive sind auf chinesischem handgesch\u00f6pftem Papier oder auf japanischem Sumi-e-Papier oder auf anderem qualitativ hochwertigem Papier gemalt. Die Bilder werden von mir auf Papier aufgezogen.<\/p>\n<p>Die Arbeiten haben unterschiedliche Gr\u00f6\u00dfen (von 18 x13cm bis 60 x 50 cm) und sind in unterschiedlichen Ausf\u00fchrungen pr\u00e4sentiert.<\/p>\n<p>Kalligraphien und Tuschmalereien liegen in der Regel in einem Passepartout (freie H\u00e4ngung) und k\u00f6nnen mit oder ohne Rahmen erworben werden. Die Lebendigkeit des handgesch\u00f6pftem Papiers bleibt am Rande durch die freie H\u00e4ngung sichtbar.<\/p>\n<p><strong>1 Beispiel<\/strong> f\u00fcr die Kalligraphie \u201eWasser\u201c im Passepartout (freie H\u00e4ngung):<\/p>\n<p><a class=\"thumbnail\" href=\"http:\/\/www.ret-renateschmidt.de\/wp-content\/uploads\/2018\/11\/Water-II-40x30cm-Kopie.jpg\"><img loading=\"lazy\" decoding=\"async\" class=\"alignnone size-medium wp-image-956\" src=\"http:\/\/www.ret-renateschmidt.de\/wp-content\/uploads\/2018\/11\/Water-II-40x30cm-Kopie-227x300.jpg\" alt=\"Water II, 40x30cm - Kopie\" width=\"227\" height=\"300\" srcset=\"https:\/\/www.ret-renateschmidt.de\/wp-content\/uploads\/2018\/11\/Water-II-40x30cm-Kopie-227x300.jpg 227w, https:\/\/www.ret-renateschmidt.de\/wp-content\/uploads\/2018\/11\/Water-II-40x30cm-Kopie-776x1024.jpg 776w, https:\/\/www.ret-renateschmidt.de\/wp-content\/uploads\/2018\/11\/Water-II-40x30cm-Kopie.jpg 1770w\" sizes=\"auto, (max-width: 227px) 100vw, 227px\" \/><\/a><\/p>\n<p>Die Arbeit kann auch direkt auf Karton ohne Passepartout im Rahmen pr\u00e4sentiert sein.<\/p>\n<p><strong>2. Beispiel <\/strong>f\u00fcr die Kalligraphie \u201eAtem\u201c f\u00fcr aufgezogene Arbeit direkt auf Karton liegend im Rahmen:<\/p>\n<p><a class=\"thumbnail\" href=\"http:\/\/www.ret-renateschmidt.de\/wp-content\/uploads\/2018\/11\/Breath1.jpg\"><img loading=\"lazy\" decoding=\"async\" class=\"alignnone size-medium wp-image-957\" src=\"http:\/\/www.ret-renateschmidt.de\/wp-content\/uploads\/2018\/11\/Breath1-241x300.jpg\" alt=\"Breath1\" width=\"241\" height=\"300\" srcset=\"https:\/\/www.ret-renateschmidt.de\/wp-content\/uploads\/2018\/11\/Breath1-241x300.jpg 241w, https:\/\/www.ret-renateschmidt.de\/wp-content\/uploads\/2018\/11\/Breath1-823x1024.jpg 823w, https:\/\/www.ret-renateschmidt.de\/wp-content\/uploads\/2018\/11\/Breath1.jpg 1818w\" sizes=\"auto, (max-width: 241px) 100vw, 241px\" \/><\/a><\/p>\n<p>Grunds\u00e4tzlich lassen sich alle Motive und Kalligraphien wiederholen. Doch da die Arbeiten Originale sind, ist jedes Bild einzigartig und variiert in der Pinself\u00fchrung, den Farbt\u00f6nen und der Gr\u00f6\u00dfe.<\/p>\n<p>Auf Wunsch kann ich Ihnen Motive oder verschiedene Charakters ihrer Wahl kalligraphieren.<\/p>\n<p><strong>Preise und Versandkosten<\/strong><\/p>\n<p>Die Preise sind abh\u00e4ngig von Motiv und Gr\u00f6\u00dfe des Bildes und k\u00f6nnen bei mir telefonisch oder per Mail erfragt werden. Zuz\u00fcglich zu den angegebenen Preisen berechne ich Ihnen die Postgeb\u00fchr als Versandkosten.<\/p>\n<p>Bitte nehmen Sie per E-Mail oder telefonisch zu mir Kontakt auf, wenn Sie ein Bild erwerben m\u00f6chten.<\/p>\n","protected":false},"excerpt":{"rendered":"<p>Bilder und Kalligraphien k\u00f6nnen Sie erwerben. Schauen gerne auch in meinen Online-shop: www.etsy.com\/shop\/brushheartDE\/ Jedes Bild ist ein Original und Unikat. Die Motive sind auf chinesischem handgesch\u00f6pftem Papier oder auf japanischem Sumi-e-Papier oder auf anderem qualitativ hochwertigem Papier gemalt. Die Bilder werden von mir auf Papier aufgezogen. Die Arbeiten haben unterschiedliche Gr\u00f6\u00dfen (von 18 x13cm bis&hellip; <a href=\"https:\/\/www.ret-renateschmidt.de\/?page_id=952\">Weiterlesen <span class=\"meta-nav\">&rarr;<\/span><\/a><\/p>\n","protected":false},"author":2,"featured_media":0,"parent":0,"menu_order":0,"comment_status":"closed","ping_status":"closed","template":"","meta":{"footnotes":""},"class_list":["post-952","page","type-page","status-publish","hentry"],"_links":{"self":[{"href":"https:\/\/www.ret-renateschmidt.de\/index.php?rest_route=\/wp\/v2\/pages\/952","targetHints":{"allow":["GET"]}}],"collection":[{"href":"https:\/\/www.ret-renateschmidt.de\/index.php?rest_route=\/wp\/v2\/pages"}],"about":[{"href":"https:\/\/www.ret-renateschmidt.de\/index.php?rest_route=\/wp\/v2\/types\/page"}],"author":[{"embeddable":true,"href":"https:\/\/www.ret-renateschmidt.de\/index.php?rest_route=\/wp\/v2\/users\/2"}],"replies":[{"embeddable":true,"href":"https:\/\/www.ret-renateschmidt.de\/index.php?rest_route=%2Fwp%2Fv2%2Fcomments&post=952"}],"version-history":[{"count":7,"href":"https:\/\/www.ret-renateschmidt.de\/index.php?rest_route=\/wp\/v2\/pages\/952\/revisions"}],"predecessor-version":[{"id":1071,"href":"https:\/\/www.ret-renateschmidt.de\/index.php?rest_route=\/wp\/v2\/pages\/952\/revisions\/1071"}],"wp:attachment":[{"href":"https:\/\/www.ret-renateschmidt.de\/index.php?rest_route=%2Fwp%2Fv2%2Fmedia&parent=952"}],"curies":[{"name":"wp","href":"https:\/\/api.w.org\/{rel}","templated":true}]}}